{"id":2156,"date":"2021-09-13T09:04:01","date_gmt":"2021-09-13T12:04:01","guid":{"rendered":"https:\/\/asped.org.br\/?page_id=2156"},"modified":"2021-09-13T09:12:11","modified_gmt":"2021-09-13T12:12:11","slug":"asped","status":"publish","type":"page","link":"https:\/\/asped.org.br\/?page_id=2156","title":{"rendered":"ASPED"},"content":{"rendered":"\t\t<div data-elementor-type=\"wp-page\" data-elementor-id=\"2156\" class=\"elementor elementor-2156\" data-elementor-post-type=\"page\">\n\t\t\t\t\t\t\t\t\t<section class=\"elementor-section elementor-top-section elementor-element elementor-element-7c45 elementor-section-boxed elementor-section-height-default elementor-section-height-default\" data-id=\"7c45\" data-element_type=\"section\" data-settings=\"{&quot;background_background&quot;:&quot;classic&quot;,&quot;_ha_eqh_enable&quot;:false}\">\n\t\t\t\t\t\t<div class=\"elementor-container elementor-column-gap-default\">\n\t\t\t\t\t<div class=\"elementor-column elementor-col-100 elementor-top-column elementor-element elementor-element-e0\" data-id=\"e0\" data-element_type=\"column\">\n\t\t\t<div class=\"elementor-widget-wrap elementor-element-populated\">\n\t\t\t\t\t\t\t\t<div class=\"elementor-element elementor-element-46bb elementor-widget elementor-widget-bdt-breadcrumbs\" data-id=\"46bb\" data-element_type=\"widget\" data-widget_type=\"bdt-breadcrumbs.default\">\n\t\t\t\t<div class=\"elementor-widget-container\">\n\t\t\t<div class='bdt-breadcrumbs-wrapper'><ul class=\"bdt-breadcrumb breadcrumb-align-left  \"><li><a href=\"https:\/\/asped.org.br\/\">ASPED<\/a><\/li>\n<li><span>P\u00e1gina<\/span><\/li>\n<\/ul><\/div>\t\t<\/div>\n\t\t\t\t<\/div>\n\t\t\t\t\t<\/div>\n\t\t<\/div>\n\t\t\t\t\t\t\t<\/div>\n\t\t<\/section>\n\t\t\t\t<section class=\"elementor-section elementor-top-section elementor-element elementor-element-2ea1 elementor-section-boxed elementor-section-height-default elementor-section-height-default\" data-id=\"2ea1\" data-element_type=\"section\" data-settings=\"{&quot;_ha_eqh_enable&quot;:false}\">\n\t\t\t\t\t\t<div class=\"elementor-container elementor-column-gap-default\">\n\t\t\t\t\t<div class=\"elementor-column elementor-col-100 elementor-top-column elementor-element elementor-element-2d93\" data-id=\"2d93\" data-element_type=\"column\">\n\t\t\t<div class=\"elementor-widget-wrap elementor-element-populated\">\n\t\t\t\t\t\t\t\t<section class=\"elementor-section elementor-inner-section elementor-element elementor-element-3a4b elementor-section-boxed elementor-section-height-default elementor-section-height-default\" data-id=\"3a4b\" data-element_type=\"section\" data-settings=\"{&quot;_ha_eqh_enable&quot;:false}\">\n\t\t\t\t\t\t<div class=\"elementor-container elementor-column-gap-default\">\n\t\t\t\t\t<div class=\"elementor-column elementor-col-50 elementor-inner-column elementor-element elementor-element-1c62\" data-id=\"1c62\" data-element_type=\"column\">\n\t\t\t<div class=\"elementor-widget-wrap elementor-element-populated\">\n\t\t\t\t\t\t\t\t<div class=\"elementor-element elementor-element-3a8d elementor-widget elementor-widget-heading\" data-id=\"3a8d\" data-element_type=\"widget\" data-widget_type=\"heading.default\">\n\t\t\t\t<div class=\"elementor-widget-container\">\n\t\t\t<h2 class=\"elementor-heading-title elementor-size-default\">ASPED<\/h2>\t\t<\/div>\n\t\t\t\t<\/div>\n\t\t\t\t<div class=\"elementor-element elementor-element-bae1ed6 elementor-widget elementor-widget-text-editor\" data-id=\"bae1ed6\" data-element_type=\"widget\" data-widget_type=\"text-editor.default\">\n\t\t\t\t<div class=\"elementor-widget-container\">\n\t\t\t\t\t\t\t<p>Associa\u00e7\u00e3o Brasileira Para Pesquisas em Endocrinologia e Diabetes<\/p>\t\t\t\t\t\t<\/div>\n\t\t\t\t<\/div>\n\t\t\t\t<div class=\"elementor-element elementor-element-247e elementor-widget elementor-widget-image\" data-id=\"247e\" data-element_type=\"widget\" data-widget_type=\"image.default\">\n\t\t\t\t<div class=\"elementor-widget-container\">\n\t\t\t\t\t\t\t\t\t\t\t\t\t\t\t<img loading=\"lazy\" decoding=\"async\" width=\"151\" height=\"15\" src=\"https:\/\/asped.org.br\/wp-content\/uploads\/2021\/08\/title-shape-2.png\" class=\"attachment-large size-large wp-image-617\" alt=\"\" \/>\t\t\t\t\t\t\t\t\t\t\t\t\t\t\t<\/div>\n\t\t\t\t<\/div>\n\t\t\t\t<div class=\"elementor-element elementor-element-15c2 elementor-widget elementor-widget-text-editor\" data-id=\"15c2\" data-element_type=\"widget\" data-widget_type=\"text-editor.default\">\n\t\t\t\t<div class=\"elementor-widget-container\">\n\t\t\t\t\t\t\t<p>ASPED is comitted to \u00a0research and education related to endocrine and metabolic diseases.<\/p><p>For the last 25 years several research protocols were developed in conection with the Universitry of Pernambuco Medical School and the Division of Endocrinoloy and Diabetes at Agamenon Magalh\u00e3es Hospital, Pernambuco State Health Authority and Teaching (UEDHAM).<\/p><p>Medical Education has been implemented by ASPED and UEDHAM with the Annual Course in Diabetes and Endocrinology. This meeting, active for 25 years, is held during the month of november of each calendar year, atracting more than 300 attendees from all over the country. It has also a strong scientific backgound where research and clinical protocols are presented by numerous internatonal and national experts. For 2021, as a virtual meeting, the following international speakers will be lecturing: John Bilezikian (USA), Daniel Hurley (USA), Simon Heller (UK), Barbara McGowan (UK), Bart Clarck (USA), Marconi Abreu (USA), Hossein Gharib (USA).<\/p><p>For the last 5 years, before the Covid-19 pandemics, the Annual Course was developed in association with the American Association of Clinical Endocrinologists (AACE) as part of AACE Brazilian chapter.<\/p><p>As soon as we have the opportunity to held in-person meetings again, hopefuly in 2022 in connection with ISE, november activities wil re-started.<\/p><p>ASPED president, Prof Francisco Bandeira, MD, PhD, MACE, is a full Professor of Medicine and Chief of the Endocrine Division at University of Pernambuco Medical School and Division of Endocrinoloy and Diabetes at Agamenon Magalh\u00e3es Hospital, Pernambuco State Health Authority and Teaching (UEDHAM), Recife, Brazil.<\/p>\t\t\t\t\t\t<\/div>\n\t\t\t\t<\/div>\n\t\t\t\t\t<\/div>\n\t\t<\/div>\n\t\t\t\t<div class=\"elementor-column elementor-col-50 elementor-inner-column elementor-element elementor-element-1c22\" data-id=\"1c22\" data-element_type=\"column\">\n\t\t\t<div class=\"elementor-widget-wrap elementor-element-populated\">\n\t\t\t\t\t\t\t\t<div class=\"elementor-element elementor-element-229 elementor-widget elementor-widget-text-editor\" data-id=\"229\" data-element_type=\"widget\" data-widget_type=\"text-editor.default\">\n\t\t\t\t<div class=\"elementor-widget-container\">\n\t\t\t\t\t\t\t<p>Prof. Bandeira received his MD from the University of Pernambuco Medical School and completed his internal medicine and endocrinology training in Recife, Brazil. After further research and clinical training at Oxford University, he received his PhD from National School of Public Health in Rio de Janeiro. For more than two decades, he has conducted research in metabolism and bone disorders, and has published more than 100 articles in peer-reviewed English language journals. \u00a0He has served as editor or coeditor of 14 books in endocrinology.\u00a0 In 2014, he coedited the \u201cProblem-Oriented Textbook of Endocrinology &amp; Diabetes,\u201d which was well-received and the second edition is now ready for print.\u00a0 He has lectured at Brazil endocrine meetings as well as many other countries, including the U.S., Jordan, Italy, Portugal, Argentina, and Chile. His scholarly activities have been outstanding and he is recognized as an international authority in bone disorders. He is the quintessential endocrinologist who has successfully combined research, teaching and practice in a unique model in Brazil.\u00a0<\/p>\t\t\t\t\t\t<\/div>\n\t\t\t\t<\/div>\n\t\t\t\t<div class=\"elementor-element elementor-element-90e elementor-widget elementor-widget-image\" data-id=\"90e\" data-element_type=\"widget\" data-widget_type=\"image.default\">\n\t\t\t\t<div class=\"elementor-widget-container\">\n\t\t\t\t\t\t\t\t\t\t\t\t\t\t\t<img loading=\"lazy\" decoding=\"async\" width=\"372\" height=\"310\" src=\"https:\/\/asped.org.br\/wp-content\/uploads\/2021\/09\/logo_mobile_5.png\" class=\"attachment-large size-large wp-image-1964\" alt=\"\" srcset=\"https:\/\/asped.org.br\/wp-content\/uploads\/2021\/09\/logo_mobile_5.png 372w, https:\/\/asped.org.br\/wp-content\/uploads\/2021\/09\/logo_mobile_5-300x250.png 300w\" sizes=\"auto, (max-width: 372px) 100vw, 372px\" \/>\t\t\t\t\t\t\t\t\t\t\t\t\t\t\t<\/div>\n\t\t\t\t<\/div>\n\t\t\t\t\t<\/div>\n\t\t<\/div>\n\t\t\t\t\t\t\t<\/div>\n\t\t<\/section>\n\t\t\t\t\t<\/div>\n\t\t<\/div>\n\t\t\t\t\t\t\t<\/div>\n\t\t<\/section>\n\t\t\t\t\t\t\t<\/div>\n\t\t","protected":false},"excerpt":{"rendered":"<p>ASPED P\u00e1gina ASPED Associa\u00e7\u00e3o Brasileira Para Pesquisas em Endocrinologia e Diabetes ASPED is comitted to \u00a0research and education related to endocrine and metabolic diseases. For the last 25 years several research protocols were developed in conection with the Universitry of Pernambuco Medical School and the Division of Endocrinoloy and Diabetes at Agamenon Magalh\u00e3es Hospital, Pernambuco &hellip;<\/p>\n<p class=\"read-more\"> <a class=\"\" href=\"https:\/\/asped.org.br\/?page_id=2156\"> <span class=\"screen-reader-text\">ASPED<\/span> Leia mais &raquo;<\/a><\/p>\n","protected":false},"author":1,"featured_media":0,"parent":0,"menu_order":0,"comment_status":"closed","ping_status":"closed","template":"","meta":{"footnotes":""},"class_list":["post-2156","page","type-page","status-publish","hentry"],"_links":{"self":[{"href":"https:\/\/asped.org.br\/index.php?rest_route=\/wp\/v2\/pages\/2156","targetHints":{"allow":["GET"]}}],"collection":[{"href":"https:\/\/asped.org.br\/index.php?rest_route=\/wp\/v2\/pages"}],"about":[{"href":"https:\/\/asped.org.br\/index.php?rest_route=\/wp\/v2\/types\/page"}],"author":[{"embeddable":true,"href":"https:\/\/asped.org.br\/index.php?rest_route=\/wp\/v2\/users\/1"}],"replies":[{"embeddable":true,"href":"https:\/\/asped.org.br\/index.php?rest_route=%2Fwp%2Fv2%2Fcomments&post=2156"}],"version-history":[{"count":4,"href":"https:\/\/asped.org.br\/index.php?rest_route=\/wp\/v2\/pages\/2156\/revisions"}],"predecessor-version":[{"id":2160,"href":"https:\/\/asped.org.br\/index.php?rest_route=\/wp\/v2\/pages\/2156\/revisions\/2160"}],"wp:attachment":[{"href":"https:\/\/asped.org.br\/index.php?rest_route=%2Fwp%2Fv2%2Fmedia&parent=2156"}],"curies":[{"name":"wp","href":"https:\/\/api.w.org\/{rel}","templated":true}]}}