{"id":2031,"date":"2021-09-09T11:41:12","date_gmt":"2021-09-09T14:41:12","guid":{"rendered":"https:\/\/asped.org.br\/?page_id=2031"},"modified":"2021-09-09T11:51:42","modified_gmt":"2021-09-09T14:51:42","slug":"pos-graduacao","status":"publish","type":"page","link":"https:\/\/asped.org.br\/?page_id=2031","title":{"rendered":"P\u00d3S-GRADUA\u00c7\u00c3O"},"content":{"rendered":"\t\t<div data-elementor-type=\"wp-page\" data-elementor-id=\"2031\" class=\"elementor elementor-2031\" data-elementor-post-type=\"page\">\n\t\t\t\t\t\t\t\t\t<section class=\"elementor-section elementor-top-section elementor-element elementor-element-6e21 elementor-section-boxed elementor-section-height-default elementor-section-height-default\" data-id=\"6e21\" data-element_type=\"section\" data-settings=\"{&quot;background_background&quot;:&quot;classic&quot;,&quot;_ha_eqh_enable&quot;:false}\">\n\t\t\t\t\t\t<div class=\"elementor-container elementor-column-gap-default\">\n\t\t\t\t\t<div class=\"elementor-column elementor-col-100 elementor-top-column elementor-element elementor-element-515a\" data-id=\"515a\" data-element_type=\"column\">\n\t\t\t<div class=\"elementor-widget-wrap elementor-element-populated\">\n\t\t\t\t\t\t\t\t<div class=\"elementor-element elementor-element-3f77 elementor-widget elementor-widget-bdt-breadcrumbs\" data-id=\"3f77\" data-element_type=\"widget\" data-widget_type=\"bdt-breadcrumbs.default\">\n\t\t\t\t<div class=\"elementor-widget-container\">\n\t\t\t<div class='bdt-breadcrumbs-wrapper'><ul class=\"bdt-breadcrumb breadcrumb-align-left  \"><li><a href=\"https:\/\/asped.org.br\/\">ASPED<\/a><\/li>\n<li><span>P\u00e1gina<\/span><\/li>\n<\/ul><\/div>\t\t<\/div>\n\t\t\t\t<\/div>\n\t\t\t\t\t<\/div>\n\t\t<\/div>\n\t\t\t\t\t\t\t<\/div>\n\t\t<\/section>\n\t\t\t\t<section class=\"elementor-section elementor-top-section elementor-element elementor-element-3801 elementor-section-content-middle elementor-section-boxed elementor-section-height-default elementor-section-height-default\" data-id=\"3801\" data-element_type=\"section\" data-settings=\"{&quot;_ha_eqh_enable&quot;:false}\">\n\t\t\t\t\t\t<div class=\"elementor-container elementor-column-gap-default\">\n\t\t\t\t\t<div class=\"elementor-column elementor-col-50 elementor-top-column elementor-element elementor-element-6abf\" data-id=\"6abf\" data-element_type=\"column\">\n\t\t\t<div class=\"elementor-widget-wrap elementor-element-populated\">\n\t\t\t\t\t\t\t\t<div class=\"elementor-element elementor-element-fe9f7c8 elementor-widget elementor-widget-heading\" data-id=\"fe9f7c8\" data-element_type=\"widget\" data-widget_type=\"heading.default\">\n\t\t\t\t<div class=\"elementor-widget-container\">\n\t\t\t<h2 class=\"elementor-heading-title elementor-size-default\">Especializa\u00e7\u00e3o em Endocrinologia e Diabetes<\/h2>\t\t<\/div>\n\t\t\t\t<\/div>\n\t\t\t\t<div class=\"elementor-element elementor-element-3770496 elementor-widget elementor-widget-image\" data-id=\"3770496\" data-element_type=\"widget\" data-widget_type=\"image.default\">\n\t\t\t\t<div class=\"elementor-widget-container\">\n\t\t\t\t\t\t\t\t\t\t\t\t\t\t\t<img loading=\"lazy\" decoding=\"async\" width=\"151\" height=\"15\" src=\"https:\/\/asped.org.br\/wp-content\/uploads\/2021\/08\/title-shape-2.png\" class=\"attachment-large size-large wp-image-617\" alt=\"\" \/>\t\t\t\t\t\t\t\t\t\t\t\t\t\t\t<\/div>\n\t\t\t\t<\/div>\n\t\t\t\t<div class=\"elementor-element elementor-element-897d879 elementor-widget elementor-widget-image\" data-id=\"897d879\" data-element_type=\"widget\" data-widget_type=\"image.default\">\n\t\t\t\t<div class=\"elementor-widget-container\">\n\t\t\t\t\t\t\t\t\t\t\t\t\t\t\t<img loading=\"lazy\" decoding=\"async\" width=\"870\" height=\"285\" src=\"https:\/\/asped.org.br\/wp-content\/uploads\/2021\/09\/Especializacao-em-Endocrinologia-e-Diabetes.jpg\" class=\"attachment-large size-large wp-image-2033\" alt=\"\" srcset=\"https:\/\/asped.org.br\/wp-content\/uploads\/2021\/09\/Especializacao-em-Endocrinologia-e-Diabetes.jpg 870w, https:\/\/asped.org.br\/wp-content\/uploads\/2021\/09\/Especializacao-em-Endocrinologia-e-Diabetes-300x98.jpg 300w, https:\/\/asped.org.br\/wp-content\/uploads\/2021\/09\/Especializacao-em-Endocrinologia-e-Diabetes-768x252.jpg 768w\" sizes=\"auto, (max-width: 870px) 100vw, 870px\" \/>\t\t\t\t\t\t\t\t\t\t\t\t\t\t\t<\/div>\n\t\t\t\t<\/div>\n\t\t\t\t<div class=\"elementor-element elementor-element-d08df01 elementor-widget elementor-widget-heading\" data-id=\"d08df01\" data-element_type=\"widget\" data-widget_type=\"heading.default\">\n\t\t\t\t<div class=\"elementor-widget-container\">\n\t\t\t<h2 class=\"elementor-heading-title elementor-size-default\">Objetivos\n<\/h2>\t\t<\/div>\n\t\t\t\t<\/div>\n\t\t\t\t<div class=\"elementor-element elementor-element-6f50 elementor-widget elementor-widget-text-editor\" data-id=\"6f50\" data-element_type=\"widget\" data-widget_type=\"text-editor.default\">\n\t\t\t\t<div class=\"elementor-widget-container\">\n\t\t\t\t\t\t\t<p>O Curso de Especializa\u00e7\u00e3o em Endocrinologia e Diabetes da UED-HAM visa proporcionar ao m\u00e9dico cl\u00ednico ou pediatra treinamento para diagn\u00f3stico e tratamento dos dist\u00farbios end\u00f3crinos mais encontrados na pr\u00e1tica m\u00e9dica di\u00e1ria, bem como introdu\u00e7\u00e3o \u00e0 pesquisa cl\u00ednica.<\/p>\t\t\t\t\t\t<\/div>\n\t\t\t\t<\/div>\n\t\t\t\t<div class=\"elementor-element elementor-element-93830b7 elementor-widget elementor-widget-heading\" data-id=\"93830b7\" data-element_type=\"widget\" data-widget_type=\"heading.default\">\n\t\t\t\t<div class=\"elementor-widget-container\">\n\t\t\t<h2 class=\"elementor-heading-title elementor-size-default\">Conte\u00fado<\/h2>\t\t<\/div>\n\t\t\t\t<\/div>\n\t\t\t\t<div class=\"elementor-element elementor-element-6767d64 elementor-widget elementor-widget-text-editor\" data-id=\"6767d64\" data-element_type=\"widget\" data-widget_type=\"text-editor.default\">\n\t\t\t\t<div class=\"elementor-widget-container\">\n\t\t\t\t\t\t\t<p>A carga hor\u00e1ria \u00e9 distribu\u00edda da seguinte forma:<\/p><ul><li>35% nos ambulat\u00f3rios de Endocrinologia geral, Endocrinologia pedi\u00e1trica, Diabetes em adultos, Diabetes em crian\u00e7as, Neuroendocrinologia e Doen\u00e7as Osteometab\u00f3licas;<\/li><li>25% em enfermaria;<\/li><li>40% em atividades did\u00e1tico-acad\u00eamicas, que correspondem a: 3 h de visitas \u00e0 enfermaria, 3 h de semin\u00e1rios, 2 h de apresenta\u00e7\u00e3o formal de casos cl\u00ednicos, 8 h de pesquisa cl\u00ednica, semanalmente.<\/li><\/ul>\t\t\t\t\t\t<\/div>\n\t\t\t\t<\/div>\n\t\t\t\t<div class=\"elementor-element elementor-element-8d7434d elementor-widget elementor-widget-heading\" data-id=\"8d7434d\" data-element_type=\"widget\" data-widget_type=\"heading.default\">\n\t\t\t\t<div class=\"elementor-widget-container\">\n\t\t\t<h2 class=\"elementor-heading-title elementor-size-default\">Avalia\u00e7\u00e3o\n<\/h2>\t\t<\/div>\n\t\t\t\t<\/div>\n\t\t\t\t<div class=\"elementor-element elementor-element-0d7634e elementor-widget elementor-widget-text-editor\" data-id=\"0d7634e\" data-element_type=\"widget\" data-widget_type=\"text-editor.default\">\n\t\t\t\t<div class=\"elementor-widget-container\">\n\t\t\t\t\t\t\t<p>A avalia\u00e7\u00e3o dos P\u00f3s-graduandos \u00e9 feita atrav\u00e9s de monografias.<\/p><p>As monografias s\u00e3o provenientes das v\u00e1rias linhas de pesquisas em andamento na UED-HAM e devem ser entregues e apresentadas no 2\u00ba semestre do 2\u00ba ano letivo (com prazo de toler\u00e2ncia de 6 meses adicionais).<\/p><p>Quando da sua apresenta\u00e7\u00e3o, o manuscrito j\u00e1 dever\u00e1 ter sido submetido \u00e0 publica\u00e7\u00e3o.<\/p>\t\t\t\t\t\t<\/div>\n\t\t\t\t<\/div>\n\t\t\t\t\t<\/div>\n\t\t<\/div>\n\t\t\t\t<div class=\"elementor-column elementor-col-50 elementor-top-column elementor-element elementor-element-295d\" data-id=\"295d\" data-element_type=\"column\">\n\t\t\t<div class=\"elementor-widget-wrap elementor-element-populated\">\n\t\t\t\t\t\t\t\t<div class=\"elementor-element elementor-element-5a4d5bb elementor-widget elementor-widget-heading\" data-id=\"5a4d5bb\" data-element_type=\"widget\" data-widget_type=\"heading.default\">\n\t\t\t\t<div class=\"elementor-widget-container\">\n\t\t\t<h2 class=\"elementor-heading-title elementor-size-default\">Carga Hor\u00e1ria<\/h2>\t\t<\/div>\n\t\t\t\t<\/div>\n\t\t\t\t<div class=\"elementor-element elementor-element-c3a0ba1 elementor-widget elementor-widget-text-editor\" data-id=\"c3a0ba1\" data-element_type=\"widget\" data-widget_type=\"text-editor.default\">\n\t\t\t\t<div class=\"elementor-widget-container\">\n\t\t\t\t\t\t\t<p>60 h semanais, distribu\u00eddas em 2 anos, iniciando-se em Fevereiro.<\/p>\t\t\t\t\t\t<\/div>\n\t\t\t\t<\/div>\n\t\t\t\t<div class=\"elementor-element elementor-element-59a7a3f elementor-widget elementor-widget-heading\" data-id=\"59a7a3f\" data-element_type=\"widget\" data-widget_type=\"heading.default\">\n\t\t\t\t<div class=\"elementor-widget-container\">\n\t\t\t<h2 class=\"elementor-heading-title elementor-size-default\">Coordenador\n<\/h2>\t\t<\/div>\n\t\t\t\t<\/div>\n\t\t\t\t<div class=\"elementor-element elementor-element-3d08f88 elementor-widget elementor-widget-text-editor\" data-id=\"3d08f88\" data-element_type=\"widget\" data-widget_type=\"text-editor.default\">\n\t\t\t\t<div class=\"elementor-widget-container\">\n\t\t\t\t\t\t\t<div class=\"content-section module blog-page single-post-page\"><div class=\"row\"><div class=\"medium-12 small-12 columns posts-wrap\"><div class=\"posts-container\"><div class=\"blog-post post-743 page type-page status-publish hentry\"><div class=\"post-excerpt\"><div class=\"kc-elm kc-css-984902 kc-row-container module\"><div class=\"wc-row row\"><div class=\"kc-wrap-columns\"><div class=\"kc-elm kc-css-758249 small-12 columns small-12\"><div class=\"kc-col-container\"><div class=\"kc-elm kc-css-81321 kc_text_block\"><table><tbody><tr><td><div class=\"widget\"><ul class=\"no-bullets without-links\"><li>Francisco Bandeira, MD, PhD, F.A.C.E.<\/li><\/ul><\/div><\/td><\/tr><\/tbody><\/table><\/div><\/div><\/div><\/div><\/div><\/div><\/div><\/div><\/div><\/div><\/div><\/div><div class=\"footer\"><div class=\"footerbottom\"><div class=\"row\"><div class=\"medium-6 small-12 columns left-side\">\u00a0<\/div><\/div><\/div><\/div>\t\t\t\t\t\t<\/div>\n\t\t\t\t<\/div>\n\t\t\t\t\t<\/div>\n\t\t<\/div>\n\t\t\t\t\t\t\t<\/div>\n\t\t<\/section>\n\t\t\t\t\t\t\t<\/div>\n\t\t","protected":false},"excerpt":{"rendered":"<p>ASPED P\u00e1gina Especializa\u00e7\u00e3o em Endocrinologia e Diabetes Objetivos O Curso de Especializa\u00e7\u00e3o em Endocrinologia e Diabetes da UED-HAM visa proporcionar ao m\u00e9dico cl\u00ednico ou pediatra treinamento para diagn\u00f3stico e tratamento dos dist\u00farbios end\u00f3crinos mais encontrados na pr\u00e1tica m\u00e9dica di\u00e1ria, bem como introdu\u00e7\u00e3o \u00e0 pesquisa cl\u00ednica. Conte\u00fado A carga hor\u00e1ria \u00e9 distribu\u00edda da seguinte forma: 35% &hellip;<\/p>\n<p class=\"read-more\"> <a class=\"\" href=\"https:\/\/asped.org.br\/?page_id=2031\"> <span class=\"screen-reader-text\">P\u00d3S-GRADUA\u00c7\u00c3O<\/span> Leia mais &raquo;<\/a><\/p>\n","protected":false},"author":1,"featured_media":0,"parent":0,"menu_order":0,"comment_status":"closed","ping_status":"closed","template":"","meta":{"footnotes":""},"class_list":["post-2031","page","type-page","status-publish","hentry"],"_links":{"self":[{"href":"https:\/\/asped.org.br\/index.php?rest_route=\/wp\/v2\/pages\/2031","targetHints":{"allow":["GET"]}}],"collection":[{"href":"https:\/\/asped.org.br\/index.php?rest_route=\/wp\/v2\/pages"}],"about":[{"href":"https:\/\/asped.org.br\/index.php?rest_route=\/wp\/v2\/types\/page"}],"author":[{"embeddable":true,"href":"https:\/\/asped.org.br\/index.php?rest_route=\/wp\/v2\/users\/1"}],"replies":[{"embeddable":true,"href":"https:\/\/asped.org.br\/index.php?rest_route=%2Fwp%2Fv2%2Fcomments&post=2031"}],"version-history":[{"count":4,"href":"https:\/\/asped.org.br\/index.php?rest_route=\/wp\/v2\/pages\/2031\/revisions"}],"predecessor-version":[{"id":2036,"href":"https:\/\/asped.org.br\/index.php?rest_route=\/wp\/v2\/pages\/2031\/revisions\/2036"}],"wp:attachment":[{"href":"https:\/\/asped.org.br\/index.php?rest_route=%2Fwp%2Fv2%2Fmedia&parent=2031"}],"curies":[{"name":"wp","href":"https:\/\/api.w.org\/{rel}","templated":true}]}}