{"id":1941,"date":"2021-09-06T22:06:10","date_gmt":"2021-09-07T01:06:10","guid":{"rendered":"https:\/\/asped.org.br\/?page_id=1941"},"modified":"2021-09-07T09:18:35","modified_gmt":"2021-09-07T12:18:35","slug":"ued-ham","status":"publish","type":"page","link":"https:\/\/asped.org.br\/?page_id=1941","title":{"rendered":"UED-HAM"},"content":{"rendered":"\t\t<div data-elementor-type=\"wp-page\" data-elementor-id=\"1941\" class=\"elementor elementor-1941\" data-elementor-post-type=\"page\">\n\t\t\t\t\t\t\t\t\t<section class=\"elementor-section elementor-top-section elementor-element elementor-element-6e21 elementor-section-boxed elementor-section-height-default elementor-section-height-default\" data-id=\"6e21\" data-element_type=\"section\" data-settings=\"{&quot;background_background&quot;:&quot;classic&quot;,&quot;_ha_eqh_enable&quot;:false}\">\n\t\t\t\t\t\t<div class=\"elementor-container elementor-column-gap-default\">\n\t\t\t\t\t<div class=\"elementor-column elementor-col-100 elementor-top-column elementor-element elementor-element-515a\" data-id=\"515a\" data-element_type=\"column\">\n\t\t\t<div class=\"elementor-widget-wrap elementor-element-populated\">\n\t\t\t\t\t\t\t\t<div class=\"elementor-element elementor-element-3f77 elementor-widget elementor-widget-bdt-breadcrumbs\" data-id=\"3f77\" data-element_type=\"widget\" data-widget_type=\"bdt-breadcrumbs.default\">\n\t\t\t\t<div class=\"elementor-widget-container\">\n\t\t\t<div class='bdt-breadcrumbs-wrapper'><ul class=\"bdt-breadcrumb breadcrumb-align-left  \"><li><a href=\"https:\/\/asped.org.br\/\">ASPED<\/a><\/li>\n<li><span>P\u00e1gina<\/span><\/li>\n<\/ul><\/div>\t\t<\/div>\n\t\t\t\t<\/div>\n\t\t\t\t\t<\/div>\n\t\t<\/div>\n\t\t\t\t\t\t\t<\/div>\n\t\t<\/section>\n\t\t\t\t<section class=\"elementor-section elementor-top-section elementor-element elementor-element-fcafaf7 elementor-section-boxed elementor-section-height-default elementor-section-height-default\" data-id=\"fcafaf7\" data-element_type=\"section\" data-settings=\"{&quot;_ha_eqh_enable&quot;:false}\">\n\t\t\t\t\t\t<div class=\"elementor-container elementor-column-gap-default\">\n\t\t\t\t\t<div class=\"elementor-column elementor-col-100 elementor-top-column elementor-element elementor-element-056b4a8\" data-id=\"056b4a8\" data-element_type=\"column\">\n\t\t\t<div class=\"elementor-widget-wrap elementor-element-populated\">\n\t\t\t\t\t\t\t\t<section class=\"elementor-section elementor-inner-section elementor-element elementor-element-e982f82 elementor-section-boxed elementor-section-height-default elementor-section-height-default\" data-id=\"e982f82\" data-element_type=\"section\" data-settings=\"{&quot;_ha_eqh_enable&quot;:false}\">\n\t\t\t\t\t\t<div class=\"elementor-container elementor-column-gap-default\">\n\t\t\t\t\t<div class=\"elementor-column elementor-col-50 elementor-inner-column elementor-element elementor-element-d1644a7\" data-id=\"d1644a7\" data-element_type=\"column\">\n\t\t\t<div class=\"elementor-widget-wrap elementor-element-populated\">\n\t\t\t\t\t\t\t\t<div class=\"elementor-element elementor-element-7431 elementor-widget elementor-widget-heading\" data-id=\"7431\" data-element_type=\"widget\" data-widget_type=\"heading.default\">\n\t\t\t\t<div class=\"elementor-widget-container\">\n\t\t\t<h2 class=\"elementor-heading-title elementor-size-default\">UED-HAM<\/h2>\t\t<\/div>\n\t\t\t\t<\/div>\n\t\t\t\t<div class=\"elementor-element elementor-element-1f2f elementor-widget elementor-widget-image\" data-id=\"1f2f\" data-element_type=\"widget\" data-widget_type=\"image.default\">\n\t\t\t\t<div class=\"elementor-widget-container\">\n\t\t\t\t\t\t\t\t\t\t\t\t\t\t\t<img loading=\"lazy\" decoding=\"async\" width=\"151\" height=\"15\" src=\"https:\/\/asped.org.br\/wp-content\/uploads\/2021\/08\/title-shape-2.png\" class=\"attachment-large size-large wp-image-617\" alt=\"\" \/>\t\t\t\t\t\t\t\t\t\t\t\t\t\t\t<\/div>\n\t\t\t\t<\/div>\n\t\t\t\t<div class=\"elementor-element elementor-element-055c080 elementor-widget elementor-widget-text-editor\" data-id=\"055c080\" data-element_type=\"widget\" data-widget_type=\"text-editor.default\">\n\t\t\t\t<div class=\"elementor-widget-container\">\n\t\t\t\t\t\t\t<p>Como forma de proporcionar ao m\u00e9dico cl\u00ednico ou pediatra treinamento para diagn\u00f3stico e tratamento dos dist\u00farbios end\u00f3crinos mais encontrados na pr\u00e1tica di\u00e1ria, foi institu\u00eddo, em 1990, o Programa de P\u00f3s-Gradua\u00e7\u00e3o em Endocrinologia e Diabetes do Hospital Agamenon Magalh\u00e3es (HAM) &#8211; Resid\u00eancia M\u00e9dica \/ Curso de Especializa\u00e7\u00e3o -, iniciando um n\u00facleo de forma\u00e7\u00e3o acad\u00eamica no n\u00edvel de p\u00f3s-gradua\u00e7\u00e3o e para produ\u00e7\u00e3o cient\u00edfica no Estado de Pernambuco.<\/p><p>A Unidade de Endocrinologia e Diabetes (UED-HAM) acompanhou os dois casos iniciais de S\u00edndrome de Resist\u00eancia ao GH (Laron) tratados no Brasil, atrav\u00e9s do interc\u00e2mbio com a Universidade Central da Fl\u00f3rida (USA), e iniciou um trabalho conjunto com a Universidade da Carolina do Norte (Chapel Hill \/ USA) para avalia\u00e7\u00e3o do uso cr\u00f4nico de rhIGF-1 nos pacientes com S\u00edndrome de Laron.<\/p><p>\u00c9 do Servi\u00e7o a primeira publica\u00e7\u00e3o do ganho expressivo da massa \u00f3ssea p\u00f3s-paratiroidectomia em pacientes com hiperparatiroidismo severo, juntamente com o grupo da Columbia University (New York \/ USA), bem como os primeiros relatos de aumento da massa \u00f3ssea associado \u00e0 lipodistrofia de Berardinelli-Siep.<\/p><p>Representada pelo Dr. Francisco Bandeira, a UED-HAM foi o \u00fanico Servi\u00e7o da Am\u00e9rica Latina a participar da confer\u00eancia de consenso em hiperparatiroidismo prim\u00e1rio promovida pelo Journal of Internal Medicine e pela Universidade de Upsalla na Su\u00e9cia, em agosto de 1999, e a realizada em Baltimore, Maryland, pelo National Institute of Health (NIH) dos Estados Unidos, em abril de 2002.<\/p>\t\t\t\t\t\t<\/div>\n\t\t\t\t<\/div>\n\t\t\t\t\t<\/div>\n\t\t<\/div>\n\t\t\t\t<div class=\"elementor-column elementor-col-50 elementor-inner-column elementor-element elementor-element-d0c58fd\" data-id=\"d0c58fd\" data-element_type=\"column\">\n\t\t\t<div class=\"elementor-widget-wrap elementor-element-populated\">\n\t\t\t\t\t\t\t\t<div class=\"elementor-element elementor-element-1b7df20 elementor-widget elementor-widget-text-editor\" data-id=\"1b7df20\" data-element_type=\"widget\" data-widget_type=\"text-editor.default\">\n\t\t\t\t<div class=\"elementor-widget-container\">\n\t\t\t\t\t\t\t<p>A UED-HAM constitui o 2\u00ba Servi\u00e7o no Brasil a realizar rotineiramente o Cateterismo Simult\u00e2neo Bilateral dos Seios Petrosos Inferiores nos pacientes com S\u00edndrome de Cushing e o primeiro a normatizar o C-telopept\u00eddeo s\u00e9rico beta isomerizado e seus n\u00edveis nos v\u00e1rios estados de alta remodela\u00e7\u00e3o \u00f3ssea.<\/p><p>Em conjunto com o Centro de Osteoporose de Pernambuco (centro de refer\u00eancia mundial e o 2\u00ba da Am\u00e9rica Latina pela Funda\u00e7\u00e3o Paget (USA) no tratamento de Doen\u00e7a de Paget \u00f3ssea), a UED-HAM det\u00e9m o maior n\u00famero de casos dessa doen\u00e7a relatados no Brasil, que possui como Consultor M\u00e9dico Internacional para esse assunto o Dr. Francisco Bandeira.<\/p><p>Criado em 2001, o Comit\u00ea de \u00c9tica em Pesquisa (CEP-HAM), devidamente registrado na Comiss\u00e3o Nacional de \u00c9tica em Pesquisa do Minist\u00e9rio da Sa\u00fade, vem apresentando atua\u00e7\u00e3o marcante na an\u00e1lise dos v\u00e1rios protocolos da pr\u00f3pria UED-HAM e de outras Institui\u00e7\u00f5es envolvidas com pesquisas em seres humanos.<\/p>\t\t\t\t\t\t<\/div>\n\t\t\t\t<\/div>\n\t\t\t\t<div class=\"elementor-element elementor-element-7244a0e elementor-widget elementor-widget-image\" data-id=\"7244a0e\" data-element_type=\"widget\" data-widget_type=\"image.default\">\n\t\t\t\t<div class=\"elementor-widget-container\">\n\t\t\t\t\t\t\t\t\t\t\t\t\t\t\t<img loading=\"lazy\" decoding=\"async\" width=\"495\" height=\"332\" src=\"https:\/\/asped.org.br\/wp-content\/uploads\/2021\/08\/hospital-2.png\" class=\"attachment-large size-large wp-image-623\" alt=\"\" srcset=\"https:\/\/asped.org.br\/wp-content\/uploads\/2021\/08\/hospital-2.png 495w, https:\/\/asped.org.br\/wp-content\/uploads\/2021\/08\/hospital-2-300x201.png 300w\" sizes=\"auto, (max-width: 495px) 100vw, 495px\" \/>\t\t\t\t\t\t\t\t\t\t\t\t\t\t\t<\/div>\n\t\t\t\t<\/div>\n\t\t\t\t\t<\/div>\n\t\t<\/div>\n\t\t\t\t\t\t\t<\/div>\n\t\t<\/section>\n\t\t\t\t\t<\/div>\n\t\t<\/div>\n\t\t\t\t\t\t\t<\/div>\n\t\t<\/section>\n\t\t\t\t<section class=\"elementor-section elementor-top-section elementor-element elementor-element-465e elementor-section-content-middle elementor-section-boxed elementor-section-height-default elementor-section-height-default\" data-id=\"465e\" data-element_type=\"section\" data-settings=\"{&quot;background_background&quot;:&quot;classic&quot;,&quot;_ha_eqh_enable&quot;:false}\">\n\t\t\t\t\t\t<div class=\"elementor-container elementor-column-gap-default\">\n\t\t\t\t\t<div class=\"elementor-column elementor-col-100 elementor-top-column elementor-element elementor-element-4077\" data-id=\"4077\" data-element_type=\"column\">\n\t\t\t<div class=\"elementor-widget-wrap elementor-element-populated\">\n\t\t\t\t\t\t\t\t<div class=\"elementor-element elementor-element-2af6 elementor-widget elementor-widget-heading\" data-id=\"2af6\" data-element_type=\"widget\" data-widget_type=\"heading.default\">\n\t\t\t\t<div class=\"elementor-widget-container\">\n\t\t\t<h2 class=\"elementor-heading-title elementor-size-default\">HIST\u00d3RIA DA UED-HAM<\/h2>\t\t<\/div>\n\t\t\t\t<\/div>\n\t\t\t\t<div class=\"elementor-element elementor-element-11bd elementor-widget elementor-widget-image\" data-id=\"11bd\" data-element_type=\"widget\" data-widget_type=\"image.default\">\n\t\t\t\t<div class=\"elementor-widget-container\">\n\t\t\t\t\t\t\t\t\t\t\t\t\t\t\t<img loading=\"lazy\" decoding=\"async\" width=\"150\" height=\"15\" src=\"https:\/\/asped.org.br\/wp-content\/uploads\/2021\/08\/shape-2-1.png\" class=\"attachment-large size-large wp-image-649\" alt=\"\" \/>\t\t\t\t\t\t\t\t\t\t\t\t\t\t\t<\/div>\n\t\t\t\t<\/div>\n\t\t\t\t<div class=\"elementor-element elementor-element-0d29302 elementor-widget elementor-widget-gallery\" data-id=\"0d29302\" data-element_type=\"widget\" data-settings=\"{&quot;aspect_ratio&quot;:&quot;4:3&quot;,&quot;overlay_title&quot;:&quot;title&quot;,&quot;lazyload&quot;:&quot;yes&quot;,&quot;gallery_layout&quot;:&quot;grid&quot;,&quot;columns&quot;:4,&quot;columns_tablet&quot;:2,&quot;columns_mobile&quot;:1,&quot;gap&quot;:{&quot;unit&quot;:&quot;px&quot;,&quot;size&quot;:10,&quot;sizes&quot;:[]},&quot;gap_tablet&quot;:{&quot;unit&quot;:&quot;px&quot;,&quot;size&quot;:10,&quot;sizes&quot;:[]},&quot;gap_mobile&quot;:{&quot;unit&quot;:&quot;px&quot;,&quot;size&quot;:10,&quot;sizes&quot;:[]},&quot;link_to&quot;:&quot;file&quot;,&quot;overlay_background&quot;:&quot;yes&quot;,&quot;content_hover_animation&quot;:&quot;fade-in&quot;}\" data-widget_type=\"gallery.default\">\n\t\t\t\t<div class=\"elementor-widget-container\">\n\t\t\t\t\t<div class=\"elementor-gallery__container\">\n\t\t\t\t\t\t\t<a class=\"e-gallery-item elementor-gallery-item elementor-animated-content\" href=\"https:\/\/asped.org.br\/wp-content\/uploads\/2021\/09\/1986.jpg\" data-elementor-open-lightbox=\"yes\" data-elementor-lightbox-slideshow=\"0d29302\" data-elementor-lightbox-title=\"1986\" data-e-action-hash=\"#elementor-action%3Aaction%3Dlightbox%26settings%3DeyJpZCI6MTk3NSwidXJsIjoiaHR0cHM6XC9cL2FzcGVkLm9yZy5iclwvd3AtY29udGVudFwvdXBsb2Fkc1wvMjAyMVwvMDlcLzE5ODYuanBnIiwic2xpZGVzaG93IjoiMGQyOTMwMiJ9\">\n\t\t\t\t\t<div class=\"e-gallery-image elementor-gallery-item__image\" data-thumbnail=\"https:\/\/asped.org.br\/wp-content\/uploads\/2021\/09\/1986-300x200.jpg\" data-width=\"300\" data-height=\"200\" aria-label=\"\" role=\"img\" ><\/div>\n\t\t\t\t\t\t\t\t\t\t\t<div class=\"elementor-gallery-item__overlay\"><\/div>\n\t\t\t\t\t\t\t\t\t\t\t\t\t\t\t<div class=\"elementor-gallery-item__content\">\n\t\t\t\t\t\t\t\t\t\t\t\t\t\t<div class=\"elementor-gallery-item__title\">\n\t\t\t\t\t\t\t\t\t\t\t\t\t\t\t\t\t\t1986\t\t\t\t\t\t\t\t<\/div>\n\t\t\t\t\t\t\t\t\t\t\t\t<\/div>\n\t\t\t\t\t\t\t\t\t<\/a>\n\t\t\t\t\t\t\t<a class=\"e-gallery-item elementor-gallery-item elementor-animated-content\" href=\"https:\/\/asped.org.br\/wp-content\/uploads\/2021\/09\/1990.png\" data-elementor-open-lightbox=\"yes\" data-elementor-lightbox-slideshow=\"0d29302\" data-elementor-lightbox-title=\"1990\" data-e-action-hash=\"#elementor-action%3Aaction%3Dlightbox%26settings%3DeyJpZCI6MTk3NiwidXJsIjoiaHR0cHM6XC9cL2FzcGVkLm9yZy5iclwvd3AtY29udGVudFwvdXBsb2Fkc1wvMjAyMVwvMDlcLzE5OTAucG5nIiwic2xpZGVzaG93IjoiMGQyOTMwMiJ9\">\n\t\t\t\t\t<div class=\"e-gallery-image elementor-gallery-item__image\" data-thumbnail=\"https:\/\/asped.org.br\/wp-content\/uploads\/2021\/09\/1990-300x200.png\" data-width=\"300\" data-height=\"200\" aria-label=\"\" role=\"img\" ><\/div>\n\t\t\t\t\t\t\t\t\t\t\t<div class=\"elementor-gallery-item__overlay\"><\/div>\n\t\t\t\t\t\t\t\t\t\t\t\t\t\t\t<div class=\"elementor-gallery-item__content\">\n\t\t\t\t\t\t\t\t\t\t\t\t\t\t<div class=\"elementor-gallery-item__title\">\n\t\t\t\t\t\t\t\t\t\t\t\t\t\t\t\t\t\t1990\t\t\t\t\t\t\t\t<\/div>\n\t\t\t\t\t\t\t\t\t\t\t\t<\/div>\n\t\t\t\t\t\t\t\t\t<\/a>\n\t\t\t\t\t\t\t<a class=\"e-gallery-item elementor-gallery-item elementor-animated-content\" href=\"https:\/\/asped.org.br\/wp-content\/uploads\/2021\/09\/1995.png\" data-elementor-open-lightbox=\"yes\" data-elementor-lightbox-slideshow=\"0d29302\" data-elementor-lightbox-title=\"1995\" data-e-action-hash=\"#elementor-action%3Aaction%3Dlightbox%26settings%3DeyJpZCI6MTk3NywidXJsIjoiaHR0cHM6XC9cL2FzcGVkLm9yZy5iclwvd3AtY29udGVudFwvdXBsb2Fkc1wvMjAyMVwvMDlcLzE5OTUucG5nIiwic2xpZGVzaG93IjoiMGQyOTMwMiJ9\">\n\t\t\t\t\t<div class=\"e-gallery-image elementor-gallery-item__image\" data-thumbnail=\"https:\/\/asped.org.br\/wp-content\/uploads\/2021\/09\/1995-300x200.png\" data-width=\"300\" data-height=\"200\" aria-label=\"\" role=\"img\" ><\/div>\n\t\t\t\t\t\t\t\t\t\t\t<div class=\"elementor-gallery-item__overlay\"><\/div>\n\t\t\t\t\t\t\t\t\t\t\t\t\t\t\t<div class=\"elementor-gallery-item__content\">\n\t\t\t\t\t\t\t\t\t\t\t\t\t\t<div class=\"elementor-gallery-item__title\">\n\t\t\t\t\t\t\t\t\t\t\t\t\t\t\t\t\t\t1995\t\t\t\t\t\t\t\t<\/div>\n\t\t\t\t\t\t\t\t\t\t\t\t<\/div>\n\t\t\t\t\t\t\t\t\t<\/a>\n\t\t\t\t\t\t\t<a class=\"e-gallery-item elementor-gallery-item elementor-animated-content\" href=\"https:\/\/asped.org.br\/wp-content\/uploads\/2021\/09\/1996.png\" data-elementor-open-lightbox=\"yes\" data-elementor-lightbox-slideshow=\"0d29302\" data-elementor-lightbox-title=\"1996\" data-e-action-hash=\"#elementor-action%3Aaction%3Dlightbox%26settings%3DeyJpZCI6MTk3OCwidXJsIjoiaHR0cHM6XC9cL2FzcGVkLm9yZy5iclwvd3AtY29udGVudFwvdXBsb2Fkc1wvMjAyMVwvMDlcLzE5OTYucG5nIiwic2xpZGVzaG93IjoiMGQyOTMwMiJ9\">\n\t\t\t\t\t<div class=\"e-gallery-image elementor-gallery-item__image\" data-thumbnail=\"https:\/\/asped.org.br\/wp-content\/uploads\/2021\/09\/1996-300x200.png\" data-width=\"300\" data-height=\"200\" aria-label=\"\" role=\"img\" ><\/div>\n\t\t\t\t\t\t\t\t\t\t\t<div class=\"elementor-gallery-item__overlay\"><\/div>\n\t\t\t\t\t\t\t\t\t\t\t\t\t\t\t<div class=\"elementor-gallery-item__content\">\n\t\t\t\t\t\t\t\t\t\t\t\t\t\t<div class=\"elementor-gallery-item__title\">\n\t\t\t\t\t\t\t\t\t\t\t\t\t\t\t\t\t\t1996\t\t\t\t\t\t\t\t<\/div>\n\t\t\t\t\t\t\t\t\t\t\t\t<\/div>\n\t\t\t\t\t\t\t\t\t<\/a>\n\t\t\t\t\t\t\t<a class=\"e-gallery-item elementor-gallery-item elementor-animated-content\" href=\"https:\/\/asped.org.br\/wp-content\/uploads\/2021\/09\/1997.png\" data-elementor-open-lightbox=\"yes\" data-elementor-lightbox-slideshow=\"0d29302\" data-elementor-lightbox-title=\"1997\" data-e-action-hash=\"#elementor-action%3Aaction%3Dlightbox%26settings%3DeyJpZCI6MTk3OSwidXJsIjoiaHR0cHM6XC9cL2FzcGVkLm9yZy5iclwvd3AtY29udGVudFwvdXBsb2Fkc1wvMjAyMVwvMDlcLzE5OTcucG5nIiwic2xpZGVzaG93IjoiMGQyOTMwMiJ9\">\n\t\t\t\t\t<div class=\"e-gallery-image elementor-gallery-item__image\" data-thumbnail=\"https:\/\/asped.org.br\/wp-content\/uploads\/2021\/09\/1997-300x200.png\" data-width=\"300\" data-height=\"200\" aria-label=\"\" role=\"img\" ><\/div>\n\t\t\t\t\t\t\t\t\t\t\t<div class=\"elementor-gallery-item__overlay\"><\/div>\n\t\t\t\t\t\t\t\t\t\t\t\t\t\t\t<div class=\"elementor-gallery-item__content\">\n\t\t\t\t\t\t\t\t\t\t\t\t\t\t<div class=\"elementor-gallery-item__title\">\n\t\t\t\t\t\t\t\t\t\t\t\t\t\t\t\t\t\t1997\t\t\t\t\t\t\t\t<\/div>\n\t\t\t\t\t\t\t\t\t\t\t\t<\/div>\n\t\t\t\t\t\t\t\t\t<\/a>\n\t\t\t\t\t\t\t<a class=\"e-gallery-item elementor-gallery-item elementor-animated-content\" href=\"https:\/\/asped.org.br\/wp-content\/uploads\/2021\/09\/1998.png\" data-elementor-open-lightbox=\"yes\" data-elementor-lightbox-slideshow=\"0d29302\" data-elementor-lightbox-title=\"1998\" data-e-action-hash=\"#elementor-action%3Aaction%3Dlightbox%26settings%3DeyJpZCI6MTk4MCwidXJsIjoiaHR0cHM6XC9cL2FzcGVkLm9yZy5iclwvd3AtY29udGVudFwvdXBsb2Fkc1wvMjAyMVwvMDlcLzE5OTgucG5nIiwic2xpZGVzaG93IjoiMGQyOTMwMiJ9\">\n\t\t\t\t\t<div class=\"e-gallery-image elementor-gallery-item__image\" data-thumbnail=\"https:\/\/asped.org.br\/wp-content\/uploads\/2021\/09\/1998-300x200.png\" data-width=\"300\" data-height=\"200\" aria-label=\"\" role=\"img\" ><\/div>\n\t\t\t\t\t\t\t\t\t\t\t<div class=\"elementor-gallery-item__overlay\"><\/div>\n\t\t\t\t\t\t\t\t\t\t\t\t\t\t\t<div class=\"elementor-gallery-item__content\">\n\t\t\t\t\t\t\t\t\t\t\t\t\t\t<div class=\"elementor-gallery-item__title\">\n\t\t\t\t\t\t\t\t\t\t\t\t\t\t\t\t\t\t1998\t\t\t\t\t\t\t\t<\/div>\n\t\t\t\t\t\t\t\t\t\t\t\t<\/div>\n\t\t\t\t\t\t\t\t\t<\/a>\n\t\t\t\t\t\t\t<a class=\"e-gallery-item elementor-gallery-item elementor-animated-content\" href=\"https:\/\/asped.org.br\/wp-content\/uploads\/2021\/09\/1999.png\" data-elementor-open-lightbox=\"yes\" data-elementor-lightbox-slideshow=\"0d29302\" data-elementor-lightbox-title=\"1999\" data-e-action-hash=\"#elementor-action%3Aaction%3Dlightbox%26settings%3DeyJpZCI6MTk4MSwidXJsIjoiaHR0cHM6XC9cL2FzcGVkLm9yZy5iclwvd3AtY29udGVudFwvdXBsb2Fkc1wvMjAyMVwvMDlcLzE5OTkucG5nIiwic2xpZGVzaG93IjoiMGQyOTMwMiJ9\">\n\t\t\t\t\t<div class=\"e-gallery-image elementor-gallery-item__image\" data-thumbnail=\"https:\/\/asped.org.br\/wp-content\/uploads\/2021\/09\/1999-300x200.png\" data-width=\"300\" data-height=\"200\" aria-label=\"\" role=\"img\" ><\/div>\n\t\t\t\t\t\t\t\t\t\t\t<div class=\"elementor-gallery-item__overlay\"><\/div>\n\t\t\t\t\t\t\t\t\t\t\t\t\t\t\t<div class=\"elementor-gallery-item__content\">\n\t\t\t\t\t\t\t\t\t\t\t\t\t\t<div class=\"elementor-gallery-item__title\">\n\t\t\t\t\t\t\t\t\t\t\t\t\t\t\t\t\t\t1999\t\t\t\t\t\t\t\t<\/div>\n\t\t\t\t\t\t\t\t\t\t\t\t<\/div>\n\t\t\t\t\t\t\t\t\t<\/a>\n\t\t\t\t\t\t\t<a class=\"e-gallery-item elementor-gallery-item elementor-animated-content\" href=\"https:\/\/asped.org.br\/wp-content\/uploads\/2021\/09\/2000.png\" data-elementor-open-lightbox=\"yes\" data-elementor-lightbox-slideshow=\"0d29302\" data-elementor-lightbox-title=\"2000\" data-e-action-hash=\"#elementor-action%3Aaction%3Dlightbox%26settings%3DeyJpZCI6MTk4MiwidXJsIjoiaHR0cHM6XC9cL2FzcGVkLm9yZy5iclwvd3AtY29udGVudFwvdXBsb2Fkc1wvMjAyMVwvMDlcLzIwMDAucG5nIiwic2xpZGVzaG93IjoiMGQyOTMwMiJ9\">\n\t\t\t\t\t<div class=\"e-gallery-image elementor-gallery-item__image\" data-thumbnail=\"https:\/\/asped.org.br\/wp-content\/uploads\/2021\/09\/2000-300x200.png\" data-width=\"300\" data-height=\"200\" aria-label=\"\" role=\"img\" ><\/div>\n\t\t\t\t\t\t\t\t\t\t\t<div class=\"elementor-gallery-item__overlay\"><\/div>\n\t\t\t\t\t\t\t\t\t\t\t\t\t\t\t<div class=\"elementor-gallery-item__content\">\n\t\t\t\t\t\t\t\t\t\t\t\t\t\t<div class=\"elementor-gallery-item__title\">\n\t\t\t\t\t\t\t\t\t\t\t\t\t\t\t\t\t\t2000\t\t\t\t\t\t\t\t<\/div>\n\t\t\t\t\t\t\t\t\t\t\t\t<\/div>\n\t\t\t\t\t\t\t\t\t<\/a>\n\t\t\t\t\t\t\t<a class=\"e-gallery-item elementor-gallery-item elementor-animated-content\" href=\"https:\/\/asped.org.br\/wp-content\/uploads\/2021\/09\/2001.png\" data-elementor-open-lightbox=\"yes\" data-elementor-lightbox-slideshow=\"0d29302\" data-elementor-lightbox-title=\"2001\" data-e-action-hash=\"#elementor-action%3Aaction%3Dlightbox%26settings%3DeyJpZCI6MTk4MywidXJsIjoiaHR0cHM6XC9cL2FzcGVkLm9yZy5iclwvd3AtY29udGVudFwvdXBsb2Fkc1wvMjAyMVwvMDlcLzIwMDEucG5nIiwic2xpZGVzaG93IjoiMGQyOTMwMiJ9\">\n\t\t\t\t\t<div class=\"e-gallery-image elementor-gallery-item__image\" data-thumbnail=\"https:\/\/asped.org.br\/wp-content\/uploads\/2021\/09\/2001-300x200.png\" data-width=\"300\" data-height=\"200\" aria-label=\"\" role=\"img\" ><\/div>\n\t\t\t\t\t\t\t\t\t\t\t<div class=\"elementor-gallery-item__overlay\"><\/div>\n\t\t\t\t\t\t\t\t\t\t\t\t\t\t\t<div class=\"elementor-gallery-item__content\">\n\t\t\t\t\t\t\t\t\t\t\t\t\t\t<div class=\"elementor-gallery-item__title\">\n\t\t\t\t\t\t\t\t\t\t\t\t\t\t\t\t\t\t2001\t\t\t\t\t\t\t\t<\/div>\n\t\t\t\t\t\t\t\t\t\t\t\t<\/div>\n\t\t\t\t\t\t\t\t\t<\/a>\n\t\t\t\t\t\t\t<a class=\"e-gallery-item elementor-gallery-item elementor-animated-content\" href=\"https:\/\/asped.org.br\/wp-content\/uploads\/2021\/09\/2002.png\" data-elementor-open-lightbox=\"yes\" data-elementor-lightbox-slideshow=\"0d29302\" data-elementor-lightbox-title=\"2002\" data-e-action-hash=\"#elementor-action%3Aaction%3Dlightbox%26settings%3DeyJpZCI6MTk4NCwidXJsIjoiaHR0cHM6XC9cL2FzcGVkLm9yZy5iclwvd3AtY29udGVudFwvdXBsb2Fkc1wvMjAyMVwvMDlcLzIwMDIucG5nIiwic2xpZGVzaG93IjoiMGQyOTMwMiJ9\">\n\t\t\t\t\t<div class=\"e-gallery-image elementor-gallery-item__image\" data-thumbnail=\"https:\/\/asped.org.br\/wp-content\/uploads\/2021\/09\/2002-300x200.png\" data-width=\"300\" data-height=\"200\" aria-label=\"\" role=\"img\" ><\/div>\n\t\t\t\t\t\t\t\t\t\t\t<div class=\"elementor-gallery-item__overlay\"><\/div>\n\t\t\t\t\t\t\t\t\t\t\t\t\t\t\t<div class=\"elementor-gallery-item__content\">\n\t\t\t\t\t\t\t\t\t\t\t\t\t\t<div class=\"elementor-gallery-item__title\">\n\t\t\t\t\t\t\t\t\t\t\t\t\t\t\t\t\t\t2002\t\t\t\t\t\t\t\t<\/div>\n\t\t\t\t\t\t\t\t\t\t\t\t<\/div>\n\t\t\t\t\t\t\t\t\t<\/a>\n\t\t\t\t\t\t\t<a class=\"e-gallery-item elementor-gallery-item elementor-animated-content\" href=\"https:\/\/asped.org.br\/wp-content\/uploads\/2021\/09\/2004.png\" data-elementor-open-lightbox=\"yes\" data-elementor-lightbox-slideshow=\"0d29302\" data-elementor-lightbox-title=\"2004\" data-e-action-hash=\"#elementor-action%3Aaction%3Dlightbox%26settings%3DeyJpZCI6MTk4NSwidXJsIjoiaHR0cHM6XC9cL2FzcGVkLm9yZy5iclwvd3AtY29udGVudFwvdXBsb2Fkc1wvMjAyMVwvMDlcLzIwMDQucG5nIiwic2xpZGVzaG93IjoiMGQyOTMwMiJ9\">\n\t\t\t\t\t<div class=\"e-gallery-image elementor-gallery-item__image\" data-thumbnail=\"https:\/\/asped.org.br\/wp-content\/uploads\/2021\/09\/2004-300x200.png\" data-width=\"300\" data-height=\"200\" aria-label=\"\" role=\"img\" ><\/div>\n\t\t\t\t\t\t\t\t\t\t\t<div class=\"elementor-gallery-item__overlay\"><\/div>\n\t\t\t\t\t\t\t\t\t\t\t\t\t\t\t<div class=\"elementor-gallery-item__content\">\n\t\t\t\t\t\t\t\t\t\t\t\t\t\t<div class=\"elementor-gallery-item__title\">\n\t\t\t\t\t\t\t\t\t\t\t\t\t\t\t\t\t\t2004\t\t\t\t\t\t\t\t<\/div>\n\t\t\t\t\t\t\t\t\t\t\t\t<\/div>\n\t\t\t\t\t\t\t\t\t<\/a>\n\t\t\t\t\t\t\t<a class=\"e-gallery-item elementor-gallery-item elementor-animated-content\" href=\"https:\/\/asped.org.br\/wp-content\/uploads\/2021\/09\/2004-2.png\" data-elementor-open-lightbox=\"yes\" data-elementor-lightbox-slideshow=\"0d29302\" data-elementor-lightbox-title=\"2004-2\" data-e-action-hash=\"#elementor-action%3Aaction%3Dlightbox%26settings%3DeyJpZCI6MTk4NiwidXJsIjoiaHR0cHM6XC9cL2FzcGVkLm9yZy5iclwvd3AtY29udGVudFwvdXBsb2Fkc1wvMjAyMVwvMDlcLzIwMDQtMi5wbmciLCJzbGlkZXNob3ciOiIwZDI5MzAyIn0%3D\">\n\t\t\t\t\t<div class=\"e-gallery-image elementor-gallery-item__image\" data-thumbnail=\"https:\/\/asped.org.br\/wp-content\/uploads\/2021\/09\/2004-2-300x200.png\" data-width=\"300\" data-height=\"200\" aria-label=\"\" role=\"img\" ><\/div>\n\t\t\t\t\t\t\t\t\t\t\t<div class=\"elementor-gallery-item__overlay\"><\/div>\n\t\t\t\t\t\t\t\t\t\t\t\t\t\t\t<div class=\"elementor-gallery-item__content\">\n\t\t\t\t\t\t\t\t\t\t\t\t\t\t<div class=\"elementor-gallery-item__title\">\n\t\t\t\t\t\t\t\t\t\t\t\t\t\t\t\t\t\t2004-2\t\t\t\t\t\t\t\t<\/div>\n\t\t\t\t\t\t\t\t\t\t\t\t<\/div>\n\t\t\t\t\t\t\t\t\t<\/a>\n\t\t\t\t\t<\/div>\n\t\t\t<\/div>\n\t\t\t\t<\/div>\n\t\t\t\t\t<\/div>\n\t\t<\/div>\n\t\t\t\t\t\t\t<\/div>\n\t\t<\/section>\n\t\t\t\t\t\t\t<\/div>\n\t\t","protected":false},"excerpt":{"rendered":"<p>ASPED P\u00e1gina UED-HAM Como forma de proporcionar ao m\u00e9dico cl\u00ednico ou pediatra treinamento para diagn\u00f3stico e tratamento dos dist\u00farbios end\u00f3crinos mais encontrados na pr\u00e1tica di\u00e1ria, foi institu\u00eddo, em 1990, o Programa de P\u00f3s-Gradua\u00e7\u00e3o em Endocrinologia e Diabetes do Hospital Agamenon Magalh\u00e3es (HAM) &#8211; Resid\u00eancia M\u00e9dica \/ Curso de Especializa\u00e7\u00e3o -, iniciando um n\u00facleo de forma\u00e7\u00e3o &hellip;<\/p>\n<p class=\"read-more\"> <a class=\"\" href=\"https:\/\/asped.org.br\/?page_id=1941\"> <span class=\"screen-reader-text\">UED-HAM<\/span> Leia mais &raquo;<\/a><\/p>\n","protected":false},"author":1,"featured_media":0,"parent":0,"menu_order":0,"comment_status":"closed","ping_status":"closed","template":"","meta":{"footnotes":""},"class_list":["post-1941","page","type-page","status-publish","hentry"],"_links":{"self":[{"href":"https:\/\/asped.org.br\/index.php?rest_route=\/wp\/v2\/pages\/1941","targetHints":{"allow":["GET"]}}],"collection":[{"href":"https:\/\/asped.org.br\/index.php?rest_route=\/wp\/v2\/pages"}],"about":[{"href":"https:\/\/asped.org.br\/index.php?rest_route=\/wp\/v2\/types\/page"}],"author":[{"embeddable":true,"href":"https:\/\/asped.org.br\/index.php?rest_route=\/wp\/v2\/users\/1"}],"replies":[{"embeddable":true,"href":"https:\/\/asped.org.br\/index.php?rest_route=%2Fwp%2Fv2%2Fcomments&post=1941"}],"version-history":[{"count":22,"href":"https:\/\/asped.org.br\/index.php?rest_route=\/wp\/v2\/pages\/1941\/revisions"}],"predecessor-version":[{"id":2011,"href":"https:\/\/asped.org.br\/index.php?rest_route=\/wp\/v2\/pages\/1941\/revisions\/2011"}],"wp:attachment":[{"href":"https:\/\/asped.org.br\/index.php?rest_route=%2Fwp%2Fv2%2Fmedia&parent=1941"}],"curies":[{"name":"wp","href":"https:\/\/api.w.org\/{rel}","templated":true}]}}